{"id":6,"date":"2016-11-04T11:16:41","date_gmt":"2016-11-04T10:16:41","guid":{"rendered":"https:\/\/lavionprive.fr\/la_lettre\/?page_id=6"},"modified":"2017-09-07T16:21:43","modified_gmt":"2017-09-07T14:21:43","slug":"lavion-prive-lettre","status":"publish","type":"page","link":"https:\/\/lavionprive.fr\/la_lettre\/","title":{"rendered":"L&rsquo;Avion priv\u00e9 &#8211; La Lettre"},"content":{"rendered":"<p>Abonnez-vous \u00e0 La Lettre de L&rsquo;Avion priv\u00e9 pour recevoir chaque mois l&rsquo;actualit\u00e9 de l&rsquo;aviation de loisirs et d&rsquo;affaires.<\/p>\n","protected":false},"excerpt":{"rendered":"<p>Abonnez-vous \u00e0 La Lettre de L&rsquo;Avion priv\u00e9 pour recevoir chaque mois l&rsquo;actualit\u00e9 de l&rsquo;aviation de loisirs et d&rsquo;affaires.<\/p>\n","protected":false},"author":1,"featured_media":0,"parent":0,"menu_order":0,"comment_status":"closed","ping_status":"closed","template":"","meta":{"footnotes":""},"class_list":["post-6","page","type-page","status-publish","hentry"],"yoast_head":"<!-- This site is optimized with the Yoast SEO plugin v24.4 - https:\/\/yoast.com\/wordpress\/plugins\/seo\/ -->\n<title>L&#039;Avion priv\u00e9. La Lettre. L&#039;actualit\u00e9 de l&#039;aviation d&#039;affaires et de loisirs.<\/title>\n<meta name=\"description\" content=\"Abonnez-vous \u00e0 La Lettre de L&#039;Avion priv\u00e9 pour recevoir, chaque mois, l&#039;actualit\u00e9 de l&#039;aviation de loisirs et d&#039;affaires.\" \/>\n<meta name=\"robots\" content=\"index, follow, max-snippet:-1, max-image-preview:large, max-video-preview:-1\" \/>\n<link rel=\"canonical\" href=\"https:\/\/lavionprive.fr\/la_lettre\/\" \/>\n<meta property=\"og:locale\" content=\"fr_FR\" \/>\n<meta property=\"og:type\" content=\"article\" \/>\n<meta property=\"og:title\" content=\"L&#039;Avion priv\u00e9. La Lettre. L&#039;actualit\u00e9 de l&#039;aviation d&#039;affaires et de loisirs.\" \/>\n<meta property=\"og:description\" content=\"Abonnez-vous \u00e0 La Lettre de L&#039;Avion priv\u00e9 pour recevoir, chaque mois, l&#039;actualit\u00e9 de l&#039;aviation de loisirs et d&#039;affaires.\" \/>\n<meta property=\"og:url\" content=\"https:\/\/lavionprive.fr\/la_lettre\/\" \/>\n<meta property=\"og:site_name\" content=\"L&#039;Avion priv\u00e9.\" \/>\n<meta property=\"article:modified_time\" content=\"2017-09-07T14:21:43+00:00\" \/>\n<meta name=\"twitter:card\" content=\"summary_large_image\" \/>\n<script type=\"application\/ld+json\" class=\"yoast-schema-graph\">{\"@context\":\"https:\/\/schema.org\",\"@graph\":[{\"@type\":\"WebPage\",\"@id\":\"https:\/\/lavionprive.fr\/la_lettre\/\",\"url\":\"https:\/\/lavionprive.fr\/la_lettre\/\",\"name\":\"L'Avion priv\u00e9. La Lettre. L'actualit\u00e9 de l'aviation d'affaires et de loisirs.\",\"isPartOf\":{\"@id\":\"https:\/\/lavionprive.fr\/la_lettre\/#website\"},\"datePublished\":\"2016-11-04T10:16:41+00:00\",\"dateModified\":\"2017-09-07T14:21:43+00:00\",\"description\":\"Abonnez-vous \u00e0 La Lettre de L'Avion priv\u00e9 pour recevoir, chaque mois, l'actualit\u00e9 de l'aviation de loisirs et d'affaires.\",\"breadcrumb\":{\"@id\":\"https:\/\/lavionprive.fr\/la_lettre\/#breadcrumb\"},\"inLanguage\":\"fr-FR\",\"potentialAction\":[{\"@type\":\"ReadAction\",\"target\":[\"https:\/\/lavionprive.fr\/la_lettre\/\"]}]},{\"@type\":\"BreadcrumbList\",\"@id\":\"https:\/\/lavionprive.fr\/la_lettre\/#breadcrumb\",\"itemListElement\":[{\"@type\":\"ListItem\",\"position\":1,\"name\":\"Accueil\",\"item\":\"https:\/\/lavionprive.fr\/la_lettre\/\"},{\"@type\":\"ListItem\",\"position\":2,\"name\":\"L&rsquo;Avion priv\u00e9 &#8211; La Lettre\"}]},{\"@type\":\"WebSite\",\"@id\":\"https:\/\/lavionprive.fr\/la_lettre\/#website\",\"url\":\"https:\/\/lavionprive.fr\/la_lettre\/\",\"name\":\"L&#039;Avion priv\u00e9.\",\"description\":\"Conseil en acquisition, maintenance, exploitation et mise en location d&#039;avions de loisirs et d&#039;affaires.\",\"publisher\":{\"@id\":\"https:\/\/lavionprive.fr\/la_lettre\/#organization\"},\"potentialAction\":[{\"@type\":\"SearchAction\",\"target\":{\"@type\":\"EntryPoint\",\"urlTemplate\":\"https:\/\/lavionprive.fr\/la_lettre\/?s={search_term_string}\"},\"query-input\":{\"@type\":\"PropertyValueSpecification\",\"valueRequired\":true,\"valueName\":\"search_term_string\"}}],\"inLanguage\":\"fr-FR\"},{\"@type\":\"Organization\",\"@id\":\"https:\/\/lavionprive.fr\/la_lettre\/#organization\",\"name\":\"L'Avion priv\u00e9.\",\"url\":\"https:\/\/lavionprive.fr\/la_lettre\/\",\"logo\":{\"@type\":\"ImageObject\",\"inLanguage\":\"fr-FR\",\"@id\":\"https:\/\/lavionprive.fr\/la_lettre\/#\/schema\/logo\/image\/\",\"url\":\"https:\/\/lavionprive.fr\/la_lettre\/wp-content\/uploads\/2016\/11\/logo_fb.jpg\",\"contentUrl\":\"https:\/\/lavionprive.fr\/la_lettre\/wp-content\/uploads\/2016\/11\/logo_fb.jpg\",\"width\":1000,\"height\":1000,\"caption\":\"L'Avion priv\u00e9.\"},\"image\":{\"@id\":\"https:\/\/lavionprive.fr\/la_lettre\/#\/schema\/logo\/image\/\"}}]}<\/script>\n<!-- \/ Yoast SEO plugin. -->","yoast_head_json":{"title":"L'Avion priv\u00e9. La Lettre. L'actualit\u00e9 de l'aviation d'affaires et de loisirs.","description":"Abonnez-vous \u00e0 La Lettre de L'Avion priv\u00e9 pour recevoir, chaque mois, l'actualit\u00e9 de l'aviation de loisirs et d'affaires.","robots":{"index":"index","follow":"follow","max-snippet":"max-snippet:-1","max-image-preview":"max-image-preview:large","max-video-preview":"max-video-preview:-1"},"canonical":"https:\/\/lavionprive.fr\/la_lettre\/","og_locale":"fr_FR","og_type":"article","og_title":"L'Avion priv\u00e9. La Lettre. L'actualit\u00e9 de l'aviation d'affaires et de loisirs.","og_description":"Abonnez-vous \u00e0 La Lettre de L'Avion priv\u00e9 pour recevoir, chaque mois, l'actualit\u00e9 de l'aviation de loisirs et d'affaires.","og_url":"https:\/\/lavionprive.fr\/la_lettre\/","og_site_name":"L&#039;Avion priv\u00e9.","article_modified_time":"2017-09-07T14:21:43+00:00","twitter_card":"summary_large_image","schema":{"@context":"https:\/\/schema.org","@graph":[{"@type":"WebPage","@id":"https:\/\/lavionprive.fr\/la_lettre\/","url":"https:\/\/lavionprive.fr\/la_lettre\/","name":"L'Avion priv\u00e9. La Lettre. L'actualit\u00e9 de l'aviation d'affaires et de loisirs.","isPartOf":{"@id":"https:\/\/lavionprive.fr\/la_lettre\/#website"},"datePublished":"2016-11-04T10:16:41+00:00","dateModified":"2017-09-07T14:21:43+00:00","description":"Abonnez-vous \u00e0 La Lettre de L'Avion priv\u00e9 pour recevoir, chaque mois, l'actualit\u00e9 de l'aviation de loisirs et d'affaires.","breadcrumb":{"@id":"https:\/\/lavionprive.fr\/la_lettre\/#breadcrumb"},"inLanguage":"fr-FR","potentialAction":[{"@type":"ReadAction","target":["https:\/\/lavionprive.fr\/la_lettre\/"]}]},{"@type":"BreadcrumbList","@id":"https:\/\/lavionprive.fr\/la_lettre\/#breadcrumb","itemListElement":[{"@type":"ListItem","position":1,"name":"Accueil","item":"https:\/\/lavionprive.fr\/la_lettre\/"},{"@type":"ListItem","position":2,"name":"L&rsquo;Avion priv\u00e9 &#8211; La Lettre"}]},{"@type":"WebSite","@id":"https:\/\/lavionprive.fr\/la_lettre\/#website","url":"https:\/\/lavionprive.fr\/la_lettre\/","name":"L&#039;Avion priv\u00e9.","description":"Conseil en acquisition, maintenance, exploitation et mise en location d&#039;avions de loisirs et d&#039;affaires.","publisher":{"@id":"https:\/\/lavionprive.fr\/la_lettre\/#organization"},"potentialAction":[{"@type":"SearchAction","target":{"@type":"EntryPoint","urlTemplate":"https:\/\/lavionprive.fr\/la_lettre\/?s={search_term_string}"},"query-input":{"@type":"PropertyValueSpecification","valueRequired":true,"valueName":"search_term_string"}}],"inLanguage":"fr-FR"},{"@type":"Organization","@id":"https:\/\/lavionprive.fr\/la_lettre\/#organization","name":"L'Avion priv\u00e9.","url":"https:\/\/lavionprive.fr\/la_lettre\/","logo":{"@type":"ImageObject","inLanguage":"fr-FR","@id":"https:\/\/lavionprive.fr\/la_lettre\/#\/schema\/logo\/image\/","url":"https:\/\/lavionprive.fr\/la_lettre\/wp-content\/uploads\/2016\/11\/logo_fb.jpg","contentUrl":"https:\/\/lavionprive.fr\/la_lettre\/wp-content\/uploads\/2016\/11\/logo_fb.jpg","width":1000,"height":1000,"caption":"L'Avion priv\u00e9."},"image":{"@id":"https:\/\/lavionprive.fr\/la_lettre\/#\/schema\/logo\/image\/"}}]}},"_links":{"self":[{"href":"https:\/\/lavionprive.fr\/la_lettre\/wp-json\/wp\/v2\/pages\/6","targetHints":{"allow":["GET"]}}],"collection":[{"href":"https:\/\/lavionprive.fr\/la_lettre\/wp-json\/wp\/v2\/pages"}],"about":[{"href":"https:\/\/lavionprive.fr\/la_lettre\/wp-json\/wp\/v2\/types\/page"}],"author":[{"embeddable":true,"href":"https:\/\/lavionprive.fr\/la_lettre\/wp-json\/wp\/v2\/users\/1"}],"replies":[{"embeddable":true,"href":"https:\/\/lavionprive.fr\/la_lettre\/wp-json\/wp\/v2\/comments?post=6"}],"version-history":[{"count":9,"href":"https:\/\/lavionprive.fr\/la_lettre\/wp-json\/wp\/v2\/pages\/6\/revisions"}],"predecessor-version":[{"id":210,"href":"https:\/\/lavionprive.fr\/la_lettre\/wp-json\/wp\/v2\/pages\/6\/revisions\/210"}],"wp:attachment":[{"href":"https:\/\/lavionprive.fr\/la_lettre\/wp-json\/wp\/v2\/media?parent=6"}],"curies":[{"name":"wp","href":"https:\/\/api.w.org\/{rel}","templated":true}]}}